{"id":822,"date":"2020-02-20T19:40:11","date_gmt":"2020-02-20T18:40:11","guid":{"rendered":"http:\/\/agustinvilar.com\/?page_id=822"},"modified":"2020-02-21T10:01:44","modified_gmt":"2020-02-21T09:01:44","slug":"avis-legal","status":"publish","type":"page","link":"http:\/\/agustinvilar.com\/ca\/avis-legal\/","title":{"rendered":"Av\u00eds legal"},"content":{"rendered":"\t\t<div data-elementor-type=\"wp-page\" data-elementor-id=\"822\" class=\"elementor elementor-822 elementor-621\" data-elementor-post-type=\"page\">\n\t\t\t\t\t\t<section class=\"elementor-section elementor-top-section elementor-element elementor-element-376842a elementor-section-boxed elementor-section-height-default elementor-section-height-default\" data-id=\"376842a\" data-element_type=\"section\" data-e-type=\"section\">\n\t\t\t\t\t\t<div class=\"elementor-container elementor-column-gap-default\">\n\t\t\t\t\t<div class=\"elementor-column elementor-col-100 elementor-top-column elementor-element elementor-element-2697d01\" data-id=\"2697d01\" data-element_type=\"column\" data-e-type=\"column\">\n\t\t\t<div class=\"elementor-widget-wrap elementor-element-populated\">\n\t\t\t\t\t\t<div class=\"elementor-element elementor-element-30c66ca elementor-widget elementor-widget-text-editor\" data-id=\"30c66ca\" data-element_type=\"widget\" data-e-type=\"widget\" data-widget_type=\"text-editor.default\">\n\t\t\t\t<div class=\"elementor-widget-container\">\n\t\t\t\t\t\t\t\t\t<p>Aviso legal<\/p>\t\t\t\t\t\t\t\t<\/div>\n\t\t\t\t<\/div>\n\t\t\t\t\t<\/div>\n\t\t<\/div>\n\t\t\t\t\t<\/div>\n\t\t<\/section>\n\t\t\t\t<section class=\"elementor-section elementor-top-section elementor-element elementor-element-dbff0b9 elementor-section-boxed elementor-section-height-default elementor-section-height-default\" data-id=\"dbff0b9\" data-element_type=\"section\" data-e-type=\"section\">\n\t\t\t\t\t\t<div class=\"elementor-container elementor-column-gap-default\">\n\t\t\t\t\t<div class=\"elementor-column elementor-col-100 elementor-top-column elementor-element elementor-element-1fbb9dc\" data-id=\"1fbb9dc\" data-element_type=\"column\" data-e-type=\"column\">\n\t\t\t<div class=\"elementor-widget-wrap elementor-element-populated\">\n\t\t\t\t\t\t<div class=\"elementor-element elementor-element-28be33d elementor-widget elementor-widget-text-editor\" data-id=\"28be33d\" data-element_type=\"widget\" data-e-type=\"widget\" data-widget_type=\"text-editor.default\">\n\t\t\t\t<div class=\"elementor-widget-container\">\n\t\t\t\t\t\t\t\t\t<p><b>Informaci\u00f3 de conformitat amb l&#8217;article 10 de la LSSI.<\/b><\/p><p><strong>La titular d&#8217;aquesta web \u00e9:<\/strong><\/p><p>Identitat: AGUST\u00cdN VILAR S.A.<br \/>NIF: A08553687<br \/>Adre\u00e7a: c\/ De la Terra, 26. Pol. Ind. &#8220;Els Bellots&#8221; 08227 Terrassa (Barcelona). Espanya.<br \/>Tel.: 937315059<br \/>Email: info@agustinvilar.com<br \/>Inscrita en el Registre Mercantil de Barcelona, Inscripci\u00f3 8\u00aa, Full B-11803, Foli 168, Tom 20512.<\/p><p><b>Condicions d&#8217;\u00fas<br \/><\/b>L&#8217;\u00fas d&#8217;aquest web implica l&#8217;acceptaci\u00f3 plena dels termes i condicions d&#8217;aquest av\u00eds legal. Els possibles conflictes relatius a aquest web es regiran exclusivament pel dret de l&#8217;Estat espanyol. Tota persona usu\u00e0ria del web, independentment de la jurisdicci\u00f3 territorial des de la qual es produeixi el seu acc\u00e9s, accepta el compliment i respecte d&#8217;aquestes cl\u00e0usules amb ren\u00fancia expressa a qualsevol altre fur que pogu\u00e9s correspondre-li.<\/p><p><b>Propietat intel\u00b7lectual i industrial<br \/><\/b>La totalitat del contingut d&#8217;aquest lloc web, ja siguin textes, imatges, sons, marques, logotips o altres elements, aix\u00ed com subestructura, disseny, combinacions de colors o forma de presentaci\u00f3 dels materials, estan protegits per drets de propietat industrial i intel\u00b7lectual que l&#8217;usuari d&#8217;aquest lloc web ha de respectar. No \u00e9s l\u00edcita la seva transformaci\u00f3 o alteraci\u00f3, comunicaci\u00f3 p\u00fablica o qualsevol altra forma d&#8217;explotaci\u00f3 per qualsevol procediment sense l&#8217;autoritzaci\u00f3 expressa de AGUST\u00cdN VILAR S.A..\u00a0<\/p><p><b>Responsabilitat sobre els continguts<br \/><\/b>Encara que AGUST\u00cdN VILAR S.A. actua amb la m\u00e0xima dilig\u00e8ncia possible, es pot donar el cas que alguna dada o informaci\u00f3 no estigui d&#8217;el tot actualitzada en el moment que l&#8217;usuari del lloc web el consulti. Per aix\u00f2, les informacions que es presenten en aquesta web tenen una funci\u00f3 orientativa i no obliguen a AGUST\u00cdN VILAR S.A..<\/p><p>AGUST\u00cdN VILAR S.A. no ser\u00e0 responsable de la informaci\u00f3 que es pot obtenir a trav\u00e9s d&#8217;enlla\u00e7os inclosos al seu web.<\/p><p>AGUST\u00cdN VILAR S.A. es reserva la facultat de realitzar, en qualsevol moment i sense necessitat de preav\u00eds, modificacions o actualitzacions de la informaci\u00f3 i de qualsevol dels elements que integrin el disseny i configuraci\u00f3 de la p\u00e0gina web.<\/p><p><b>Llei aplicable i jurisdicci\u00f3<br \/><\/b>L&#8217;\u00fas d&#8217;aquest lloc web implica l&#8217;acceptaci\u00f3 plena dels termes i condicions de la present pol\u00edtica legal. Els possibles conflictes relatius a aquest web es regiran exclusivament per la legislaci\u00f3 espanyola, sent competents els Jutjats i Tribunals espanyols per a con\u00e8ixer qualsevol q\u00fcesti\u00f3 que es susciti sobre ella. L&#8217;usuari, per virtut de la seva acceptaci\u00f3 ren\u00fancia expressament a qualsevol fur que, per aplicaci\u00f3 de la Llei d&#8217;Enjudiciament Civil vigent pogu\u00e9s correspondre-li.<\/p>\t\t\t\t\t\t\t\t<\/div>\n\t\t\t\t<\/div>\n\t\t\t\t\t<\/div>\n\t\t<\/div>\n\t\t\t\t\t<\/div>\n\t\t<\/section>\n\t\t\t\t<\/div>\n\t\t","protected":false},"excerpt":{"rendered":"<p>Aviso legal Informaci\u00f3 de conformitat amb l&#8217;article 10 de la LSSI. La titular d&#8217;aquesta web \u00e9: Identitat: AGUST\u00cdN VILAR S.A. NIF: A08553687 Adre\u00e7a: c\/ De la Terra, 26. Pol. Ind. &#8220;Els Bellots&#8221; 08227 Terrassa (Barcelona). Espanya. Tel.: 937315059 Email: info@agustinvilar.com Inscrita en el Registre Mercantil de Barcelona, Inscripci\u00f3 8\u00aa, Full B-11803, Foli 168, Tom 20512. &hellip; <\/p>\n<p class=\"link-more\"><a href=\"http:\/\/agustinvilar.com\/ca\/avis-legal\/\" class=\"more-link\">Continua llegint <span class=\"screen-reader-text\">\u00abAv\u00eds legal\u00bb<\/span><\/a><\/p>\n","protected":false},"author":2,"featured_media":0,"parent":0,"menu_order":0,"comment_status":"closed","ping_status":"closed","template":"elementor_header_footer","meta":{"footnotes":""},"class_list":["post-822","page","type-page","status-publish","hentry","entry"],"_links":{"self":[{"href":"http:\/\/agustinvilar.com\/ca\/wp-json\/wp\/v2\/pages\/822","targetHints":{"allow":["GET"]}}],"collection":[{"href":"http:\/\/agustinvilar.com\/ca\/wp-json\/wp\/v2\/pages"}],"about":[{"href":"http:\/\/agustinvilar.com\/ca\/wp-json\/wp\/v2\/types\/page"}],"author":[{"embeddable":true,"href":"http:\/\/agustinvilar.com\/ca\/wp-json\/wp\/v2\/users\/2"}],"replies":[{"embeddable":true,"href":"http:\/\/agustinvilar.com\/ca\/wp-json\/wp\/v2\/comments?post=822"}],"version-history":[{"count":3,"href":"http:\/\/agustinvilar.com\/ca\/wp-json\/wp\/v2\/pages\/822\/revisions"}],"predecessor-version":[{"id":831,"href":"http:\/\/agustinvilar.com\/ca\/wp-json\/wp\/v2\/pages\/822\/revisions\/831"}],"wp:attachment":[{"href":"http:\/\/agustinvilar.com\/ca\/wp-json\/wp\/v2\/media?parent=822"}],"curies":[{"name":"wp","href":"https:\/\/api.w.org\/{rel}","templated":true}]}}