{"id":825,"date":"2020-02-20T19:51:04","date_gmt":"2020-02-20T18:51:04","guid":{"rendered":"http:\/\/agustinvilar.com\/?page_id=825"},"modified":"2020-02-21T11:03:11","modified_gmt":"2020-02-21T10:03:11","slug":"politica-de-cookies","status":"publish","type":"page","link":"http:\/\/agustinvilar.com\/ca\/politica-de-cookies\/","title":{"rendered":"Pol\u00edtica de cookies cat"},"content":{"rendered":"\t\t<div data-elementor-type=\"wp-page\" data-elementor-id=\"825\" class=\"elementor elementor-825 elementor-618\" data-elementor-post-type=\"page\">\n\t\t\t\t\t\t<section class=\"elementor-section elementor-top-section elementor-element elementor-element-376842a elementor-section-boxed elementor-section-height-default elementor-section-height-default\" data-id=\"376842a\" data-element_type=\"section\" data-e-type=\"section\">\n\t\t\t\t\t\t<div class=\"elementor-container elementor-column-gap-default\">\n\t\t\t\t\t<div class=\"elementor-column elementor-col-100 elementor-top-column elementor-element elementor-element-2697d01\" data-id=\"2697d01\" data-element_type=\"column\" data-e-type=\"column\">\n\t\t\t<div class=\"elementor-widget-wrap elementor-element-populated\">\n\t\t\t\t\t\t<div class=\"elementor-element elementor-element-30c66ca elementor-widget elementor-widget-text-editor\" data-id=\"30c66ca\" data-element_type=\"widget\" data-e-type=\"widget\" data-widget_type=\"text-editor.default\">\n\t\t\t\t<div class=\"elementor-widget-container\">\n\t\t\t\t\t\t\t\t\t<p>Pol\u00edtica de cookies<\/p>\t\t\t\t\t\t\t\t<\/div>\n\t\t\t\t<\/div>\n\t\t\t\t\t<\/div>\n\t\t<\/div>\n\t\t\t\t\t<\/div>\n\t\t<\/section>\n\t\t\t\t<section class=\"elementor-section elementor-top-section elementor-element elementor-element-dbff0b9 elementor-section-boxed elementor-section-height-default elementor-section-height-default\" data-id=\"dbff0b9\" data-element_type=\"section\" data-e-type=\"section\">\n\t\t\t\t\t\t<div class=\"elementor-container elementor-column-gap-default\">\n\t\t\t\t\t<div class=\"elementor-column elementor-col-100 elementor-top-column elementor-element elementor-element-1fbb9dc\" data-id=\"1fbb9dc\" data-element_type=\"column\" data-e-type=\"column\">\n\t\t\t<div class=\"elementor-widget-wrap elementor-element-populated\">\n\t\t\t\t\t\t<div class=\"elementor-element elementor-element-28be33d elementor-widget elementor-widget-text-editor\" data-id=\"28be33d\" data-element_type=\"widget\" data-e-type=\"widget\" data-widget_type=\"text-editor.default\">\n\t\t\t\t<div class=\"elementor-widget-container\">\n\t\t\t\t\t\t\t\t\t<p><strong>\u00das de cookies: \u00bfqu\u00e8 \u00e9s una cookie?<\/strong><\/p><p>Una cookie \u00e9s un petit fragment de text que els llocs web que visita envien al navegador i que permet que el lloc web recordi informaci\u00f3 sobre la seva visita, com el seu idioma preferit i altres opcions, per tal de facilitar la seva propera visita i fer que el lloc li resulti m\u00e9s \u00fatil. Les cookies tenen un paper molt important i contribueixen a tenir una millor experi\u00e8ncia de navegaci\u00f3 per a l&#8217;usuari.<\/p><p>Les cookies no contenen cap informaci\u00f3 d&#8217;identificaci\u00f3 personal i no s\u00f3n perjudicials per al seu ordinador, per\u00f2 es poden usar per a &#8220;recordar&#8221; les visites anteriors al nostre lloc web.<\/p><p><strong>Qui posa les cookies?<\/strong><\/p><p>AGUST\u00cdN VILAR S.A. estableix les cookies emmagatzemades al seu ordinador o un altre dispositiu quan accedeix a aquest lloc web. o prove\u00efdors que s&#8217;associen amb nosaltres per ajudar a oferir una experi\u00e8ncia de compra en l\u00ednia d&#8217;alta qualitat.<\/p><p>Algunes cookies tamb\u00e9 poden ser establertes per tercers que participen amb nosaltres en campanyes publicit\u00e0ries per promocionar aquest lloc web.<\/p><p>Aquests tercers no recopilen cap dada personal de qu\u00e8 puguin identificar clients individuals, p. e. nom o adre\u00e7a, simplement que el seu ordinador ha estat utilitzat per visitar el lloc anteriorment.<\/p><p><strong>Per a qu\u00e8 es fan servir les cookies?<\/strong><\/p><p>Al recordar als visitants que tornen, podem millorar les experi\u00e8ncies de compra dels clients, fent-los m\u00e9s convenients i m\u00e9s adaptats als productes i ofertes d&#8217;inter\u00e8s tant en aquest lloc com en altres llocs.<\/p><p>Habilitar els seus cookies mentre fes servir el nostre lloc web garantir\u00e0 que puguem millorar el seu proc\u00e9s de comanda, com recordar els articles que ja ha afegit al cistell de la compra o els codis promocionals que va ingressar al finalitzar la compra.<\/p><p>Algunes cookies s\u00f3n nom\u00e9s per a fins estad\u00edstics. Recopilen informaci\u00f3 an\u00f2nima sobre el comportament de navegaci\u00f3 i compra que ens permet veure quin contingut \u00e9s popular entre els nostres usuaris.<\/p><p>Les cookies tamb\u00e9 poden ser establertes per tercers socis que participen amb nosaltres en programes de m\u00e0rqueting d&#8217;afiliaci\u00f3 o campanyes publicit\u00e0ries. Aquestes cookies ens permeten oferir campanyes personalitzades i tamb\u00e9 ens asseguren de complir amb les obligacions contractuals de reemborsar a tercers les compres realitzades a trav\u00e9s d&#8217;una refer\u00e8ncia des del seu lloc.<\/p><p>Per exemple, per rastrejar i confirmar els pagaments de devoluci\u00f3 d&#8217;efectiu dels clients mitjan\u00e7ant llocs web de fidelitzaci\u00f3.<\/p><p><strong>LES NOSTRES COOKIES<\/strong><\/p><p>Algunes cookies que utilitzem duren nom\u00e9s durant la sessi\u00f3 i caduquen quan tanca el seu navegador d&#8217;Internet. Altres cookies s&#8217;utilitzen per recordar-ho quan torna al nostre lloc web i duraran m\u00e9s.<\/p><p>Utilitzem una combinaci\u00f3 de cookies &#8220;persistents&#8221; i &#8220;de sessi\u00f3&#8221; al nostre lloc web de la seg\u00fcent manera:<\/p><ul><li>Les cookies de sessi\u00f3 s\u00f3n arxius que permeten que el lloc web vinculi les seves accions durant una sola sessi\u00f3 de navegador. No s&#8217;emmagatzemen a llarg termini en el seu dispositiu; i<\/li><\/ul><ul><li>Les cookies persistents s\u00f3n cookies que romanen en el seu dispositiu entre sessions i permeten que el lloc web recordi detalls sobre vost\u00e8.<\/li><\/ul><p>Utilitzem cookies per rastrejar l&#8217;\u00fas i les tend\u00e8ncies del nostre lloc web, per millorar la qualitat del nostre lloc web i per personalitzar i millorar la seva experi\u00e8ncia al nostre lloc web.<\/p><p>Tamb\u00e9 utilitzem cookies (i podem usar altres dispositius, inclosos &#8216;balises web&#8217; o &#8216;p\u00edxels de seguiment&#8217;, que s&#8217;utilitzen per explicar la quantitat de vegades que s&#8217;ha visitat una p\u00e0gina) per monitoritzar la freq\u00fc\u00e8ncia d&#8217;\u00fas i l&#8217;\u00fas espec\u00edfic dins qualsevol part del nostre lloc web i utilitzem la informaci\u00f3 amb fins estad\u00edstics, per millorar els nostres serveis, crear noves funcions, corregir errors i satisfer amb m\u00e9s precisi\u00f3 les seves prefer\u00e8ncies.<\/p><p>Les cookies que emmagatzemem utilitzen la informaci\u00f3 ingressada durant el proc\u00e9s de registre al lloc web i s&#8217;utilitzen per identificar-lo quan fa coses com actualitzar els detalls dels seus comptes (el nom, l&#8217;adre\u00e7a, etc.).<\/p><p>Utilitzem cookies per als seg\u00fcents prop\u00f2sits:<\/p><p><strong>Tipus i prop\u00f2sit de la cookie<\/strong><\/p><ul><li>Cookies essencials de gesti\u00f3 operativa \/ sessi\u00f3<\/li><\/ul><p>\u00a0 Aquestes cookies s\u00f3n necess\u00e0ries per permetre&#8217;ns operar el lloc web. Sense l&#8217;\u00fas d&#8217;aquestes galetes, parts del lloc web no funcionarien correctament.<\/p><p>Aquestes cookies, per exemple, ens permeten recon\u00e8ixer si vost\u00e8 \u00e9s un subscriptor i quin tipus de subscriptor \u00e9s, i despr\u00e9s proporcionar-li els serveis als quals t\u00e9 dret. Altres exemples de cookies essencials inclouen cookies que es mantenen connectades durant la seva visita i retenen detalls de la seva cistella de compres en l\u00ednia o compres. Aquestes cookies tamb\u00e9 li permeten moure f\u00e0cilment d&#8217;una p\u00e0gina a una altra dins dell lloc web i les seves sol\u00b7licituds de p\u00e0gina es carreguen de manera fluida i segura sense que hagi de tornar a ingressar les seves dades.<\/p><ul><li>Cookies de rendiment anal\u00edtic<\/li><\/ul><p>\u00a0 \u00a0 Nosaltres i \/ o els nostres socis comercials fem servir aquestes cookies per analitzar com es fa servir el lloc web, incl\u00f2s, per exemple, com naveguen els usuaris en ell.<\/p><p>Les cookies tamb\u00e9 ens permeten controlar el rendiment del lloc web. Aquestes cookies no ens permeten identificar els usuaris (la informaci\u00f3 recopilada \u00e9s an\u00f2nima) i combinem la informaci\u00f3 que ens proporcionen, la utilitzem per mantenir, operar i millorar cont\u00ednuament el lloc web.<\/p><ul><li>Cookies de funcionalitat<\/li><\/ul><p>\u00a0\u00a0\u00a0\u00a0 Aquestes cookies ens permeten operar en certes funcions de la p\u00e0gina web d&#8217;acord amb les eleccions que realitzi. Aquestes cookies signifiquen que quan torni a la p\u00e0gina web podem proporcionar-li els nostres serveis tal com vost\u00e8 ha sol\u00b7licitat que es facin, com con\u00e8ixer el seu nom d&#8217;usuari i recordar com vost\u00e8 ha personalitzat els nostres serveis.<\/p><p>El nostre lloc web utilitza Google DoubleClick, AdWords i cookies d&#8217;an\u00e0lisi. Aquests s&#8217;utilitzen per determinar el comportament de l&#8217;usuari en el lloc web i mostrar anuncis apropiats a trav\u00e9s de la visualitzaci\u00f3 i el rem\u00e0rqueting als visitants i clients del nostre lloc web.<\/p><p>Hi ha m\u00e9s informaci\u00f3 disponible a https:\/\/www.google.com\/policies\/technologies\/ads\/ i https:\/\/www.google.com\/analytics\/learn\/privacy.html.<\/p><p>El nostre lloc web tamb\u00e9 utilitza una cookie de Monetate.com per presentar una experi\u00e8ncia consistent als visitants. La cookie generalment s&#8217;estableix amb una vida \u00fatil de 5 anys m\u00e9s enll\u00e0 de la sessi\u00f3 actual de el navegador, per\u00f2 totes les accions de cookies de l&#8217;usuari final (rebuig de cookies, eliminaci\u00f3 de cookies) es respecten i mai s\u2019eludeixen.<\/p><p><strong>Com desactivar les cookies?<\/strong><\/p><p>Si voleu evitar que el nostre lloc web capturi dades sobre les seves visites, haur\u00e0 de canviar la configuraci\u00f3 de el navegador del seu lloc web per &#8220;bloquejar&#8221; les cookies i tingueu en compte que aix\u00f2 pot restringir la experi\u00e8ncia d&#8217;usuari.<\/p><p>Per fer aix\u00f2, aquestes configuracions generalment es trobaran al men\u00fa &#8220;opci\u00f3&#8221; o &#8220;prefer\u00e8ncies&#8221; del seu navegador d&#8217;Internet.<\/p><p>Tamb\u00e9 pot usar l&#8217;opci\u00f3 &#8220;Ajuda&#8221; en el seu navegador per a m\u00e9s detalls.<\/p>\t\t\t\t\t\t\t\t<\/div>\n\t\t\t\t<\/div>\n\t\t\t\t\t<\/div>\n\t\t<\/div>\n\t\t\t\t\t<\/div>\n\t\t<\/section>\n\t\t\t\t<\/div>\n\t\t","protected":false},"excerpt":{"rendered":"<p>Pol\u00edtica de cookies \u00das de cookies: \u00bfqu\u00e8 \u00e9s una cookie? Una cookie \u00e9s un petit fragment de text que els llocs web que visita envien al navegador i que permet que el lloc web recordi informaci\u00f3 sobre la seva visita, com el seu idioma preferit i altres opcions, per tal de facilitar la seva propera &hellip; <\/p>\n<p class=\"link-more\"><a href=\"http:\/\/agustinvilar.com\/ca\/politica-de-cookies\/\" class=\"more-link\">Continua llegint <span class=\"screen-reader-text\">\u00abPol\u00edtica de cookies cat\u00bb<\/span><\/a><\/p>\n","protected":false},"author":2,"featured_media":0,"parent":0,"menu_order":0,"comment_status":"closed","ping_status":"closed","template":"elementor_header_footer","meta":{"footnotes":""},"class_list":["post-825","page","type-page","status-publish","hentry","entry"],"_links":{"self":[{"href":"http:\/\/agustinvilar.com\/ca\/wp-json\/wp\/v2\/pages\/825","targetHints":{"allow":["GET"]}}],"collection":[{"href":"http:\/\/agustinvilar.com\/ca\/wp-json\/wp\/v2\/pages"}],"about":[{"href":"http:\/\/agustinvilar.com\/ca\/wp-json\/wp\/v2\/types\/page"}],"author":[{"embeddable":true,"href":"http:\/\/agustinvilar.com\/ca\/wp-json\/wp\/v2\/users\/2"}],"replies":[{"embeddable":true,"href":"http:\/\/agustinvilar.com\/ca\/wp-json\/wp\/v2\/comments?post=825"}],"version-history":[{"count":4,"href":"http:\/\/agustinvilar.com\/ca\/wp-json\/wp\/v2\/pages\/825\/revisions"}],"predecessor-version":[{"id":868,"href":"http:\/\/agustinvilar.com\/ca\/wp-json\/wp\/v2\/pages\/825\/revisions\/868"}],"wp:attachment":[{"href":"http:\/\/agustinvilar.com\/ca\/wp-json\/wp\/v2\/media?parent=825"}],"curies":[{"name":"wp","href":"https:\/\/api.w.org\/{rel}","templated":true}]}}